{"id":95,"date":"2022-11-12T19:07:51","date_gmt":"2022-11-12T18:07:51","guid":{"rendered":"http:\/\/glenverness.de\/2020\/?page_id=95"},"modified":"2022-11-13T10:24:36","modified_gmt":"2022-11-13T09:24:36","slug":"money","status":"publish","type":"page","link":"http:\/\/glenverness.de\/2020\/kintra\/money\/","title":{"rendered":"Money"},"content":{"rendered":"\n<p>Es werden Sovereign-M\u00fcnzen im Wert von 1 GS, \u00be GS (Three-Quarter Sovereign), \u00bd GS (Hauf Sovereign) und \u00bc GS (Quarter Sovereign) gepr\u00e4gt. Dar\u00fcber hinaus werden Guinea-M\u00fcnzen im Wert von 2 Gu, 1 Gu und \u00bd Gu und Shilling-M\u00fcnzen im Wert von 5 sh, 2 sh und 1 sh gepr\u00e4gt.<\/p>\n\n\n\n<div class=\"wp-block-columns is-layout-flex wp-container-5\">\n<div class=\"wp-block-column is-layout-flow\" style=\"flex-basis:25%\">\n<figure class=\"wp-block-image size-full\"><img decoding=\"async\" loading=\"lazy\" width=\"600\" height=\"600\" src=\"http:\/\/glenverness.de\/2020\/wp-content\/uploads\/2022\/11\/1gs-rck.png\" alt=\"\" class=\"wp-image-97\" srcset=\"http:\/\/glenverness.de\/2020\/wp-content\/uploads\/2022\/11\/1gs-rck.png 600w, http:\/\/glenverness.de\/2020\/wp-content\/uploads\/2022\/11\/1gs-rck-300x300.png 300w, http:\/\/glenverness.de\/2020\/wp-content\/uploads\/2022\/11\/1gs-rck-150x150.png 150w\" sizes=\"(max-width: 600px) 100vw, 600px\" \/><figcaption class=\"wp-element-caption\">1 GS Wertseite<\/figcaption><\/figure>\n<\/div>\n\n\n\n<div class=\"wp-block-column is-layout-flow\" style=\"flex-basis:25%\">\n<figure class=\"wp-block-image size-full\"><img decoding=\"async\" loading=\"lazy\" width=\"600\" height=\"600\" src=\"http:\/\/glenverness.de\/2020\/wp-content\/uploads\/2022\/11\/1gs-vor.png\" alt=\"\" class=\"wp-image-98\" srcset=\"http:\/\/glenverness.de\/2020\/wp-content\/uploads\/2022\/11\/1gs-vor.png 600w, http:\/\/glenverness.de\/2020\/wp-content\/uploads\/2022\/11\/1gs-vor-300x300.png 300w, http:\/\/glenverness.de\/2020\/wp-content\/uploads\/2022\/11\/1gs-vor-150x150.png 150w\" sizes=\"(max-width: 600px) 100vw, 600px\" \/><figcaption class=\"wp-element-caption\">1 GS Motivseite<\/figcaption><\/figure>\n<\/div>\n\n\n\n<div class=\"wp-block-column is-layout-flow\" style=\"flex-basis:25%\">\n<figure class=\"wp-block-image size-full\"><img decoding=\"async\" loading=\"lazy\" width=\"450\" height=\"450\" src=\"http:\/\/glenverness.de\/2020\/wp-content\/uploads\/2022\/11\/3-4gs-rck.png\" alt=\"\" class=\"wp-image-102\" srcset=\"http:\/\/glenverness.de\/2020\/wp-content\/uploads\/2022\/11\/3-4gs-rck.png 450w, http:\/\/glenverness.de\/2020\/wp-content\/uploads\/2022\/11\/3-4gs-rck-300x300.png 300w, http:\/\/glenverness.de\/2020\/wp-content\/uploads\/2022\/11\/3-4gs-rck-150x150.png 150w\" sizes=\"(max-width: 450px) 100vw, 450px\" \/><figcaption class=\"wp-element-caption\">3\/4 GS Wertseite<\/figcaption><\/figure>\n<\/div>\n\n\n\n<div class=\"wp-block-column is-layout-flow\" style=\"flex-basis:25%\">\n<figure class=\"wp-block-image size-full\"><img decoding=\"async\" loading=\"lazy\" width=\"500\" height=\"500\" src=\"http:\/\/glenverness.de\/2020\/wp-content\/uploads\/2022\/11\/3-4gs-vor.png\" alt=\"\" class=\"wp-image-103\" srcset=\"http:\/\/glenverness.de\/2020\/wp-content\/uploads\/2022\/11\/3-4gs-vor.png 500w, http:\/\/glenverness.de\/2020\/wp-content\/uploads\/2022\/11\/3-4gs-vor-300x300.png 300w, http:\/\/glenverness.de\/2020\/wp-content\/uploads\/2022\/11\/3-4gs-vor-150x150.png 150w\" sizes=\"(max-width: 500px) 100vw, 500px\" \/><figcaption class=\"wp-element-caption\">3\/4 GS Motivseite<\/figcaption><\/figure>\n<\/div>\n<\/div>\n\n\n\n<div class=\"wp-block-columns is-layout-flex wp-container-10\">\n<div class=\"wp-block-column is-layout-flow\" style=\"flex-basis:25%\">\n<figure class=\"wp-block-image size-full\"><img decoding=\"async\" loading=\"lazy\" width=\"550\" height=\"550\" src=\"http:\/\/glenverness.de\/2020\/wp-content\/uploads\/2022\/11\/1-2gs-rck.png\" alt=\"\" class=\"wp-image-100\" srcset=\"http:\/\/glenverness.de\/2020\/wp-content\/uploads\/2022\/11\/1-2gs-rck.png 550w, http:\/\/glenverness.de\/2020\/wp-content\/uploads\/2022\/11\/1-2gs-rck-300x300.png 300w, http:\/\/glenverness.de\/2020\/wp-content\/uploads\/2022\/11\/1-2gs-rck-150x150.png 150w\" sizes=\"(max-width: 550px) 100vw, 550px\" \/><figcaption class=\"wp-element-caption\">1\/2 GS Wertseite<\/figcaption><\/figure>\n<\/div>\n\n\n\n<div class=\"wp-block-column is-layout-flow\" style=\"flex-basis:25%\">\n<figure class=\"wp-block-image size-full\"><img decoding=\"async\" loading=\"lazy\" width=\"550\" height=\"550\" src=\"http:\/\/glenverness.de\/2020\/wp-content\/uploads\/2022\/11\/1-2gs-vor.png\" alt=\"\" class=\"wp-image-101\" srcset=\"http:\/\/glenverness.de\/2020\/wp-content\/uploads\/2022\/11\/1-2gs-vor.png 550w, http:\/\/glenverness.de\/2020\/wp-content\/uploads\/2022\/11\/1-2gs-vor-300x300.png 300w, http:\/\/glenverness.de\/2020\/wp-content\/uploads\/2022\/11\/1-2gs-vor-150x150.png 150w\" sizes=\"(max-width: 550px) 100vw, 550px\" \/><figcaption class=\"wp-element-caption\">1\/2 GS Motivseite<\/figcaption><\/figure>\n<\/div>\n\n\n\n<div class=\"wp-block-column is-layout-flow\" style=\"flex-basis:25%\">\n<figure class=\"wp-block-image size-full\"><img decoding=\"async\" loading=\"lazy\" width=\"400\" height=\"400\" src=\"http:\/\/glenverness.de\/2020\/wp-content\/uploads\/2022\/11\/1-4gs-rck.png\" alt=\"\" class=\"wp-image-96\" srcset=\"http:\/\/glenverness.de\/2020\/wp-content\/uploads\/2022\/11\/1-4gs-rck.png 400w, http:\/\/glenverness.de\/2020\/wp-content\/uploads\/2022\/11\/1-4gs-rck-300x300.png 300w, http:\/\/glenverness.de\/2020\/wp-content\/uploads\/2022\/11\/1-4gs-rck-150x150.png 150w\" sizes=\"(max-width: 400px) 100vw, 400px\" \/><figcaption class=\"wp-element-caption\">1\/4 GS Wertseite<\/figcaption><\/figure>\n<\/div>\n\n\n\n<div class=\"wp-block-column is-layout-flow\" style=\"flex-basis:25%\">\n<figure class=\"wp-block-image size-full\"><img decoding=\"async\" loading=\"lazy\" width=\"400\" height=\"400\" src=\"http:\/\/glenverness.de\/2020\/wp-content\/uploads\/2022\/11\/1-4gs-vor.png\" alt=\"\" class=\"wp-image-99\" srcset=\"http:\/\/glenverness.de\/2020\/wp-content\/uploads\/2022\/11\/1-4gs-vor.png 400w, http:\/\/glenverness.de\/2020\/wp-content\/uploads\/2022\/11\/1-4gs-vor-300x300.png 300w, http:\/\/glenverness.de\/2020\/wp-content\/uploads\/2022\/11\/1-4gs-vor-150x150.png 150w\" sizes=\"(max-width: 400px) 100vw, 400px\" \/><figcaption class=\"wp-element-caption\">1\/4 GS Motivseite<\/figcaption><\/figure>\n<\/div>\n<\/div>\n\n\n\n<p>Die Scheine zeigen auf der Vorderseite das Abbild der Queen und auf der R\u00fcckseite folgende Motive:<\/p>\n\n\n\n<div class=\"wp-block-columns is-layout-flex wp-container-13\">\n<div class=\"wp-block-column is-layout-flow\">\n<figure class=\"wp-block-image size-full\"><img decoding=\"async\" loading=\"lazy\" width=\"340\" height=\"200\" src=\"http:\/\/glenverness.de\/2020\/wp-content\/uploads\/2022\/11\/100GS_v.png\" alt=\"\" class=\"wp-image-105\" srcset=\"http:\/\/glenverness.de\/2020\/wp-content\/uploads\/2022\/11\/100GS_v.png 340w, http:\/\/glenverness.de\/2020\/wp-content\/uploads\/2022\/11\/100GS_v-300x176.png 300w\" sizes=\"(max-width: 340px) 100vw, 340px\" \/><\/figure>\n<\/div>\n\n\n\n<div class=\"wp-block-column is-layout-flow\">\n<figure class=\"wp-block-image size-full is-resized\"><img decoding=\"async\" loading=\"lazy\" src=\"http:\/\/glenverness.de\/2020\/wp-content\/uploads\/2022\/11\/100GS_r.png\" alt=\"\" class=\"wp-image-106\" width=\"319\" height=\"187\" srcset=\"http:\/\/glenverness.de\/2020\/wp-content\/uploads\/2022\/11\/100GS_r.png 340w, http:\/\/glenverness.de\/2020\/wp-content\/uploads\/2022\/11\/100GS_r-300x176.png 300w\" sizes=\"(max-width: 319px) 100vw, 319px\" \/><figcaption class=\"wp-element-caption\">Verness Castle<\/figcaption><\/figure>\n<\/div>\n<\/div>\n\n\n\n<div class=\"wp-block-columns is-layout-flex wp-container-16\">\n<div class=\"wp-block-column is-layout-flow\">\n<figure class=\"wp-block-image size-full\"><img decoding=\"async\" loading=\"lazy\" width=\"340\" height=\"200\" src=\"http:\/\/glenverness.de\/2020\/wp-content\/uploads\/2022\/11\/50GS_v.png\" alt=\"\" class=\"wp-image-107\" srcset=\"http:\/\/glenverness.de\/2020\/wp-content\/uploads\/2022\/11\/50GS_v.png 340w, http:\/\/glenverness.de\/2020\/wp-content\/uploads\/2022\/11\/50GS_v-300x176.png 300w\" sizes=\"(max-width: 340px) 100vw, 340px\" \/><\/figure>\n<\/div>\n\n\n\n<div class=\"wp-block-column is-layout-flow\">\n<figure class=\"wp-block-image size-full\"><img decoding=\"async\" loading=\"lazy\" width=\"340\" height=\"200\" src=\"http:\/\/glenverness.de\/2020\/wp-content\/uploads\/2022\/11\/50GS_r.png\" alt=\"\" class=\"wp-image-108\" srcset=\"http:\/\/glenverness.de\/2020\/wp-content\/uploads\/2022\/11\/50GS_r.png 340w, http:\/\/glenverness.de\/2020\/wp-content\/uploads\/2022\/11\/50GS_r-300x176.png 300w\" sizes=\"(max-width: 340px) 100vw, 340px\" \/><figcaption class=\"wp-element-caption\">Vernish Landscape<\/figcaption><\/figure>\n<\/div>\n<\/div>\n\n\n\n<div class=\"wp-block-columns is-layout-flex wp-container-19\">\n<div class=\"wp-block-column is-layout-flow\">\n<figure class=\"wp-block-image size-full\"><img decoding=\"async\" loading=\"lazy\" width=\"340\" height=\"200\" src=\"http:\/\/glenverness.de\/2020\/wp-content\/uploads\/2022\/11\/20GS_v.png\" alt=\"\" class=\"wp-image-111\" srcset=\"http:\/\/glenverness.de\/2020\/wp-content\/uploads\/2022\/11\/20GS_v.png 340w, http:\/\/glenverness.de\/2020\/wp-content\/uploads\/2022\/11\/20GS_v-300x176.png 300w\" sizes=\"(max-width: 340px) 100vw, 340px\" \/><\/figure>\n<\/div>\n\n\n\n<div class=\"wp-block-column is-layout-flow\">\n<figure class=\"wp-block-image size-full\"><img decoding=\"async\" loading=\"lazy\" width=\"340\" height=\"200\" src=\"http:\/\/glenverness.de\/2020\/wp-content\/uploads\/2022\/11\/20GS_r.png\" alt=\"\" class=\"wp-image-110\" srcset=\"http:\/\/glenverness.de\/2020\/wp-content\/uploads\/2022\/11\/20GS_r.png 340w, http:\/\/glenverness.de\/2020\/wp-content\/uploads\/2022\/11\/20GS_r-300x176.png 300w\" sizes=\"(max-width: 340px) 100vw, 340px\" \/><figcaption class=\"wp-element-caption\">Saunt Brigid&#8217;s Cathedral<\/figcaption><\/figure>\n<\/div>\n<\/div>\n\n\n\n<div class=\"wp-block-columns is-layout-flex wp-container-22\">\n<div class=\"wp-block-column is-layout-flow\">\n<figure class=\"wp-block-image size-full\"><img decoding=\"async\" loading=\"lazy\" width=\"340\" height=\"200\" src=\"http:\/\/glenverness.de\/2020\/wp-content\/uploads\/2022\/11\/10GS_v.png\" alt=\"\" class=\"wp-image-112\" srcset=\"http:\/\/glenverness.de\/2020\/wp-content\/uploads\/2022\/11\/10GS_v.png 340w, http:\/\/glenverness.de\/2020\/wp-content\/uploads\/2022\/11\/10GS_v-300x176.png 300w\" sizes=\"(max-width: 340px) 100vw, 340px\" \/><\/figure>\n<\/div>\n\n\n\n<div class=\"wp-block-column is-layout-flow\">\n<figure class=\"wp-block-image size-full\"><img decoding=\"async\" loading=\"lazy\" width=\"340\" height=\"200\" src=\"http:\/\/glenverness.de\/2020\/wp-content\/uploads\/2022\/11\/10GS_r.png\" alt=\"\" class=\"wp-image-113\" srcset=\"http:\/\/glenverness.de\/2020\/wp-content\/uploads\/2022\/11\/10GS_r.png 340w, http:\/\/glenverness.de\/2020\/wp-content\/uploads\/2022\/11\/10GS_r-300x176.png 300w\" sizes=\"(max-width: 340px) 100vw, 340px\" \/><figcaption class=\"wp-element-caption\">Cliffs o Glensend<\/figcaption><\/figure>\n<\/div>\n<\/div>\n\n\n\n<div class=\"wp-block-columns is-layout-flex wp-container-25\">\n<div class=\"wp-block-column is-layout-flow\">\n<figure class=\"wp-block-image size-full\"><img decoding=\"async\" loading=\"lazy\" width=\"340\" height=\"200\" src=\"http:\/\/glenverness.de\/2020\/wp-content\/uploads\/2022\/11\/5GS_v.png\" alt=\"\" class=\"wp-image-114\" srcset=\"http:\/\/glenverness.de\/2020\/wp-content\/uploads\/2022\/11\/5GS_v.png 340w, http:\/\/glenverness.de\/2020\/wp-content\/uploads\/2022\/11\/5GS_v-300x176.png 300w\" sizes=\"(max-width: 340px) 100vw, 340px\" \/><\/figure>\n<\/div>\n\n\n\n<div class=\"wp-block-column is-layout-flow\">\n<figure class=\"wp-block-image size-full\"><img decoding=\"async\" loading=\"lazy\" width=\"340\" height=\"200\" src=\"http:\/\/glenverness.de\/2020\/wp-content\/uploads\/2022\/11\/5GS_r.png\" alt=\"\" class=\"wp-image-115\" srcset=\"http:\/\/glenverness.de\/2020\/wp-content\/uploads\/2022\/11\/5GS_r.png 340w, http:\/\/glenverness.de\/2020\/wp-content\/uploads\/2022\/11\/5GS_r-300x176.png 300w\" sizes=\"(max-width: 340px) 100vw, 340px\" \/><figcaption class=\"wp-element-caption\">Ryal Varsity Glenverdeen<\/figcaption><\/figure>\n<\/div>\n<\/div>\n\n\n\n<div class=\"wp-block-columns is-layout-flex wp-container-28\">\n<div class=\"wp-block-column is-layout-flow\">\n<figure class=\"wp-block-image size-full\"><img decoding=\"async\" loading=\"lazy\" width=\"340\" height=\"200\" src=\"http:\/\/glenverness.de\/2020\/wp-content\/uploads\/2022\/11\/1GS_v.png\" alt=\"\" class=\"wp-image-116\" srcset=\"http:\/\/glenverness.de\/2020\/wp-content\/uploads\/2022\/11\/1GS_v.png 340w, http:\/\/glenverness.de\/2020\/wp-content\/uploads\/2022\/11\/1GS_v-300x176.png 300w\" sizes=\"(max-width: 340px) 100vw, 340px\" \/><\/figure>\n<\/div>\n\n\n\n<div class=\"wp-block-column is-layout-flow\">\n<figure class=\"wp-block-image size-full\"><img decoding=\"async\" loading=\"lazy\" width=\"340\" height=\"200\" src=\"http:\/\/glenverness.de\/2020\/wp-content\/uploads\/2022\/11\/1GS_r.png\" alt=\"\" class=\"wp-image-117\" srcset=\"http:\/\/glenverness.de\/2020\/wp-content\/uploads\/2022\/11\/1GS_r.png 340w, http:\/\/glenverness.de\/2020\/wp-content\/uploads\/2022\/11\/1GS_r-300x176.png 300w\" sizes=\"(max-width: 340px) 100vw, 340px\" \/><figcaption class=\"wp-element-caption\">The Croun o Verness<\/figcaption><\/figure>\n<\/div>\n<\/div>\n","protected":false},"excerpt":{"rendered":"<p>Es werden Sovereign-M\u00fcnzen im Wert von 1 GS, \u00be GS (Three-Quarter Sovereign), \u00bd GS (Hauf Sovereign) und \u00bc GS (Quarter Sovereign) gepr\u00e4gt. Dar\u00fcber hinaus werden Guinea-M\u00fcnzen im Wert von 2 Gu, 1 Gu und \u00bd Gu und Shilling-M\u00fcnzen im Wert von 5 sh, 2 sh und 1 sh gepr\u00e4gt. Die Scheine zeigen auf der Vorderseite [&hellip;]<\/p>\n","protected":false},"author":1,"featured_media":0,"parent":163,"menu_order":4,"comment_status":"closed","ping_status":"closed","template":"","meta":[],"_links":{"self":[{"href":"http:\/\/glenverness.de\/2020\/wp-json\/wp\/v2\/pages\/95"}],"collection":[{"href":"http:\/\/glenverness.de\/2020\/wp-json\/wp\/v2\/pages"}],"about":[{"href":"http:\/\/glenverness.de\/2020\/wp-json\/wp\/v2\/types\/page"}],"author":[{"embeddable":true,"href":"http:\/\/glenverness.de\/2020\/wp-json\/wp\/v2\/users\/1"}],"replies":[{"embeddable":true,"href":"http:\/\/glenverness.de\/2020\/wp-json\/wp\/v2\/comments?post=95"}],"version-history":[{"count":3,"href":"http:\/\/glenverness.de\/2020\/wp-json\/wp\/v2\/pages\/95\/revisions"}],"predecessor-version":[{"id":261,"href":"http:\/\/glenverness.de\/2020\/wp-json\/wp\/v2\/pages\/95\/revisions\/261"}],"up":[{"embeddable":true,"href":"http:\/\/glenverness.de\/2020\/wp-json\/wp\/v2\/pages\/163"}],"wp:attachment":[{"href":"http:\/\/glenverness.de\/2020\/wp-json\/wp\/v2\/media?parent=95"}],"curies":[{"name":"wp","href":"https:\/\/api.w.org\/{rel}","templated":true}]}}