{"id":77,"date":"2022-11-12T18:08:22","date_gmt":"2022-11-12T17:08:22","guid":{"rendered":"http:\/\/glenverness.de\/2020\/?page_id=77"},"modified":"2022-11-12T18:08:22","modified_gmt":"2022-11-12T17:08:22","slug":"glensgames","status":"publish","type":"page","link":"http:\/\/glenverness.de\/2020\/cultur\/glensgames\/","title":{"rendered":"Glensgames"},"content":{"rendered":"\n<p>Die sogenannten &#8222;Glensgames&#8220;, sind die Nationalsportarten in Glenverness. Die von der Ryal Sports Society veranstalteten Wettk\u00e4mpfe, finden im ganzen Land statt.<\/p>\n\n\n\n<p>Beim <em>Tossing the Caber<\/em> h\u00e4lt der Werfer den Baumstamm zun\u00e4chst senkrecht vor seinem K\u00f6rper. Dann nimmt er Anlauf und schleudert den Stamm so, dass dieser in der Luft eine Drehung vollf\u00fchrt. Ziel des caber toss ist es nicht, den Stamm m\u00f6glichst weit zu werfen, sondern in m\u00f6glichst gerader Linie. <em>Tug-o-War<\/em> ist eine alte Mannschaftssportart, die dem Kr\u00e4ftemessen zweier Mannschaften oder Einzelsportlern dient. Je eine Mannschaft zieht an einem Ende des Taus. Sieger ist, wer die gegnerische Mannschaft \u00fcber die Mittellinie zieht. Bei <em>Putting the Stone<\/em> handelt sich um eine Schnellkraftdisziplin, bei der ein Stein, mit einem Gewicht zwischen 3 kg und 15 kg, mit einem Anlauf von 10 m bis 15 m vor einem Absto\u00dfbalken einarmig m\u00f6glichst weit gesto\u00dfen wird.<\/p>\n","protected":false},"excerpt":{"rendered":"<p>Die sogenannten &#8222;Glensgames&#8220;, sind die Nationalsportarten in Glenverness. Die von der Ryal Sports Society veranstalteten Wettk\u00e4mpfe, finden im ganzen Land statt. Beim Tossing the Caber h\u00e4lt der Werfer den Baumstamm zun\u00e4chst senkrecht vor seinem K\u00f6rper. Dann nimmt er Anlauf und schleudert den Stamm so, dass dieser in der Luft eine Drehung vollf\u00fchrt. Ziel des caber [&hellip;]<\/p>\n","protected":false},"author":1,"featured_media":78,"parent":68,"menu_order":2,"comment_status":"closed","ping_status":"closed","template":"","meta":[],"_links":{"self":[{"href":"http:\/\/glenverness.de\/2020\/wp-json\/wp\/v2\/pages\/77"}],"collection":[{"href":"http:\/\/glenverness.de\/2020\/wp-json\/wp\/v2\/pages"}],"about":[{"href":"http:\/\/glenverness.de\/2020\/wp-json\/wp\/v2\/types\/page"}],"author":[{"embeddable":true,"href":"http:\/\/glenverness.de\/2020\/wp-json\/wp\/v2\/users\/1"}],"replies":[{"embeddable":true,"href":"http:\/\/glenverness.de\/2020\/wp-json\/wp\/v2\/comments?post=77"}],"version-history":[{"count":1,"href":"http:\/\/glenverness.de\/2020\/wp-json\/wp\/v2\/pages\/77\/revisions"}],"predecessor-version":[{"id":79,"href":"http:\/\/glenverness.de\/2020\/wp-json\/wp\/v2\/pages\/77\/revisions\/79"}],"up":[{"embeddable":true,"href":"http:\/\/glenverness.de\/2020\/wp-json\/wp\/v2\/pages\/68"}],"wp:featuredmedia":[{"embeddable":true,"href":"http:\/\/glenverness.de\/2020\/wp-json\/wp\/v2\/media\/78"}],"wp:attachment":[{"href":"http:\/\/glenverness.de\/2020\/wp-json\/wp\/v2\/media?parent=77"}],"curies":[{"name":"wp","href":"https:\/\/api.w.org\/{rel}","templated":true}]}}