{"id":74,"date":"2022-11-12T18:07:25","date_gmt":"2022-11-12T17:07:25","guid":{"rendered":"http:\/\/glenverness.de\/2020\/?page_id=74"},"modified":"2022-11-13T10:27:11","modified_gmt":"2022-11-13T09:27:11","slug":"saunt-brigids-cathedral","status":"publish","type":"page","link":"http:\/\/glenverness.de\/2020\/cultur\/kirk-o-glenverness\/saunt-brigids-cathedral\/","title":{"rendered":"Saunt Brigid&#8217;s Cathedral"},"content":{"rendered":"\n<p>Die Saunt Brigid&#8217;s Cathedral ist die in Aulderness stehende Hauptkirche der Kirk o Glenverness. Der Grundstein der heiligen Brigid geweihte Kirche wurde im Jahre 1151 gelegt. Sie ist ist die traditionelle Kr\u00f6nungskirche der vernischen Monarchen. Die Kirche ist vom \u00e4ltesten Friedhof, dem Auld Graveyaird umgeben. Hier und in der Kirche selbst fanden zahlreiche K\u00f6nige und K\u00f6niginnen ihre letzte Ruhest\u00e4tte. Die Patronin der Kathedrale ist die vernische Nationalheilige Brigid. Der Name bedeutet soviel wie &#8222;Hoheit&#8220; und &#8222;Erhabenheit&#8220;. Die heidnische G\u00f6ttin Brigid stand f\u00fcr Licht und Feuer und erschien den Menschen in drei Aspekten: Sie war Matronin der Dichtenden, Heilenden und der geistige F\u00fchrer und gebildete Menschen. Sie hegt und sch\u00fctzt Familie, Hausstand, Vieh und Ernte, hatte aber auch Macht, sie zu vernichten. Der G\u00f6ttin zu Ehren brannte im Eichen-Heiligtum von Aulderness ein ewiges Feuer, das neunzehn wei\u00dfgekleidete Priesterinnen h\u00fcteten. Auch die Kathedrale \u00fcbernahm das ewige Feuer und die uralte Eiche, die bis zum 12. Jahrhundert belegt ist. Im Tum und dem Vorderschiff h\u00e4ngt ein Gro\u00dfgel\u00e4ut aus acht Glocken. F\u00fcnf davon stammen aus dem Mittelalter, eine stammt aus der Barockzeit, und zwei moderne Glocken erg\u00e4nzen das historisch gewachsene Klangbild. Saunt Brigid&#8217;s ist die traditionelle Kr\u00f6nungskirche der vernischen K\u00f6nige und K\u00f6niginnen.<\/p>\n","protected":false},"excerpt":{"rendered":"<p>Die Saunt Brigid&#8217;s Cathedral ist die in Aulderness stehende Hauptkirche der Kirk o Glenverness. Der Grundstein der heiligen Brigid geweihte Kirche wurde im Jahre 1151 gelegt. Sie ist ist die traditionelle Kr\u00f6nungskirche der vernischen Monarchen. Die Kirche ist vom \u00e4ltesten Friedhof, dem Auld Graveyaird umgeben. Hier und in der Kirche selbst fanden zahlreiche K\u00f6nige und [&hellip;]<\/p>\n","protected":false},"author":1,"featured_media":75,"parent":71,"menu_order":0,"comment_status":"closed","ping_status":"closed","template":"","meta":[],"_links":{"self":[{"href":"http:\/\/glenverness.de\/2020\/wp-json\/wp\/v2\/pages\/74"}],"collection":[{"href":"http:\/\/glenverness.de\/2020\/wp-json\/wp\/v2\/pages"}],"about":[{"href":"http:\/\/glenverness.de\/2020\/wp-json\/wp\/v2\/types\/page"}],"author":[{"embeddable":true,"href":"http:\/\/glenverness.de\/2020\/wp-json\/wp\/v2\/users\/1"}],"replies":[{"embeddable":true,"href":"http:\/\/glenverness.de\/2020\/wp-json\/wp\/v2\/comments?post=74"}],"version-history":[{"count":2,"href":"http:\/\/glenverness.de\/2020\/wp-json\/wp\/v2\/pages\/74\/revisions"}],"predecessor-version":[{"id":265,"href":"http:\/\/glenverness.de\/2020\/wp-json\/wp\/v2\/pages\/74\/revisions\/265"}],"up":[{"embeddable":true,"href":"http:\/\/glenverness.de\/2020\/wp-json\/wp\/v2\/pages\/71"}],"wp:featuredmedia":[{"embeddable":true,"href":"http:\/\/glenverness.de\/2020\/wp-json\/wp\/v2\/media\/75"}],"wp:attachment":[{"href":"http:\/\/glenverness.de\/2020\/wp-json\/wp\/v2\/media?parent=74"}],"curies":[{"name":"wp","href":"https:\/\/api.w.org\/{rel}","templated":true}]}}