{"id":71,"date":"2022-11-12T18:06:28","date_gmt":"2022-11-12T17:06:28","guid":{"rendered":"http:\/\/glenverness.de\/2020\/?page_id=71"},"modified":"2022-11-13T10:26:44","modified_gmt":"2022-11-13T09:26:44","slug":"kirk-o-glenverness","status":"publish","type":"page","link":"http:\/\/glenverness.de\/2020\/cultur\/kirk-o-glenverness\/","title":{"rendered":"Kirk o Glenverness"},"content":{"rendered":"\n<p>Die Kirche von Glenverness ist zwar keine etablierte Staatskirche, hat aber eine besondere Stellung in der Hierarchie des Staates. Sie ist eine presbyterianische (reformierte) Kirche und organisiert sich von den Kirchengemeinden zu den Kirchenkreisen (Presbyteries) zur Generalversammlung (General Assembly). Diese findet einmal zweimal j\u00e4hrlich statt.<\/p>\n\n\n\n<p>Die presbyterianischen Kirche bekennt sich theologisch zu reformierten Wurzeln. Sie betonen die Autorit\u00e4t der Bibel, die Souver\u00e4nit\u00e4t Gottes und die Rechtfertigung durch Jesus Christus. Die Kirk praktiziert die Kindertaufe und das Abendmahl wird als Gedenkfeier gesehen. Die Gottesdienste sind n\u00fcchtern und wortbetont. Die Frauenordination ist in einigen Kirchen erlaubt, in eher konservativen Kirchen nicht. Die Hauptkirche der Kirk o Glenverness ist die <a href=\"http:\/\/glenverness.de\/2020\/cultur\/kirk-o-glenverness\/saunt-brigids-cathedral\/\" data-type=\"page\" data-id=\"74\">Saunt Brigid&#8217;s Cathedral<\/a>.<\/p>\n\n\n\n<p>in Aulderness. Eine weitere wichtige Kirche ist die Saunt Kentigern&#8217;s Cathedral in Stranverton.<\/p>\n","protected":false},"excerpt":{"rendered":"<p>Die Kirche von Glenverness ist zwar keine etablierte Staatskirche, hat aber eine besondere Stellung in der Hierarchie des Staates. Sie ist eine presbyterianische (reformierte) Kirche und organisiert sich von den Kirchengemeinden zu den Kirchenkreisen (Presbyteries) zur Generalversammlung (General Assembly). Diese findet einmal zweimal j\u00e4hrlich statt. Die presbyterianischen Kirche bekennt sich theologisch zu reformierten Wurzeln. Sie [&hellip;]<\/p>\n","protected":false},"author":1,"featured_media":72,"parent":68,"menu_order":1,"comment_status":"closed","ping_status":"closed","template":"","meta":[],"_links":{"self":[{"href":"http:\/\/glenverness.de\/2020\/wp-json\/wp\/v2\/pages\/71"}],"collection":[{"href":"http:\/\/glenverness.de\/2020\/wp-json\/wp\/v2\/pages"}],"about":[{"href":"http:\/\/glenverness.de\/2020\/wp-json\/wp\/v2\/types\/page"}],"author":[{"embeddable":true,"href":"http:\/\/glenverness.de\/2020\/wp-json\/wp\/v2\/users\/1"}],"replies":[{"embeddable":true,"href":"http:\/\/glenverness.de\/2020\/wp-json\/wp\/v2\/comments?post=71"}],"version-history":[{"count":2,"href":"http:\/\/glenverness.de\/2020\/wp-json\/wp\/v2\/pages\/71\/revisions"}],"predecessor-version":[{"id":264,"href":"http:\/\/glenverness.de\/2020\/wp-json\/wp\/v2\/pages\/71\/revisions\/264"}],"up":[{"embeddable":true,"href":"http:\/\/glenverness.de\/2020\/wp-json\/wp\/v2\/pages\/68"}],"wp:featuredmedia":[{"embeddable":true,"href":"http:\/\/glenverness.de\/2020\/wp-json\/wp\/v2\/media\/72"}],"wp:attachment":[{"href":"http:\/\/glenverness.de\/2020\/wp-json\/wp\/v2\/media?parent=71"}],"curies":[{"name":"wp","href":"https:\/\/api.w.org\/{rel}","templated":true}]}}