{"id":68,"date":"2022-11-12T18:04:58","date_gmt":"2022-11-12T17:04:58","guid":{"rendered":"http:\/\/glenverness.de\/2020\/?page_id=68"},"modified":"2022-11-13T10:25:52","modified_gmt":"2022-11-13T09:25:52","slug":"cultur","status":"publish","type":"page","link":"http:\/\/glenverness.de\/2020\/cultur\/","title":{"rendered":"Cultur"},"content":{"rendered":"\n<p>Der Dudelsack, der Kilt und der Whisky sind die bekanntesten Elemente der vernischen Kultur. Kulinarisch z\u00e4hlen Shortbread (Butter-, Spritzgeb\u00e4ck), Haggis und Kidney pie zur traditionellen vernischen K\u00fcche. Eine weitere Besonderheit stellt das vernische <a href=\"http:\/\/glenverness.de\/2020\/society\/vernische-clans\/\" data-type=\"page\" data-id=\"48\">Clansystem<\/a>, vor allem in den Highlands, dar. Die damit h\u00e4ufig verkn\u00fcpften Tartans (Karomuster) sind allerdings erst ab Ende des 17. Jahrhunderts in ihrer heutigen Form entstanden.<\/p>\n\n\n\n<p>Ganzj\u00e4hrlich finden die sportlichen Glensgames statt. Der wohl bekannteste Wettbewerb ist das Baumstammwerfen; weitere Sportarten sind Steinsto\u00dfen und Tauziehen. Das Highland Dancing ist eine Form des Schautanzes, die sich besonders durch schnelle Beinarbeit und kraftvolle Spr\u00fcnge auszeichnet. Die T\u00e4nze sind meist Solot\u00e4nze oder T\u00e4nze f\u00fcr vier T\u00e4nzer. Die Musik zu diesen T\u00e4nzen wird praktisch immer von einem Dudelsack-Solisten gespielt. Weitere beliebte Sportarten sind <strong>Fu\u00dfball<\/strong> und <strong>Pferderennen<\/strong>.<\/p>\n\n\n\n<p>In der Hauptstadt besteht mit der Ryal Varsity o Glenverdeen eine Hochschule. 75% aller Einwohner sind Mitglied der Presbyterian Kirk o Glenverness, 15% sind katholisch und 10% geh\u00f6ren anderen Religionen an, oder sind konfessionslos.<\/p>\n","protected":false},"excerpt":{"rendered":"<p>Der Dudelsack, der Kilt und der Whisky sind die bekanntesten Elemente der vernischen Kultur. Kulinarisch z\u00e4hlen Shortbread (Butter-, Spritzgeb\u00e4ck), Haggis und Kidney pie zur traditionellen vernischen K\u00fcche. Eine weitere Besonderheit stellt das vernische Clansystem, vor allem in den Highlands, dar. Die damit h\u00e4ufig verkn\u00fcpften Tartans (Karomuster) sind allerdings erst ab Ende des 17. Jahrhunderts in [&hellip;]<\/p>\n","protected":false},"author":1,"featured_media":69,"parent":0,"menu_order":2,"comment_status":"closed","ping_status":"closed","template":"","meta":[],"_links":{"self":[{"href":"http:\/\/glenverness.de\/2020\/wp-json\/wp\/v2\/pages\/68"}],"collection":[{"href":"http:\/\/glenverness.de\/2020\/wp-json\/wp\/v2\/pages"}],"about":[{"href":"http:\/\/glenverness.de\/2020\/wp-json\/wp\/v2\/types\/page"}],"author":[{"embeddable":true,"href":"http:\/\/glenverness.de\/2020\/wp-json\/wp\/v2\/users\/1"}],"replies":[{"embeddable":true,"href":"http:\/\/glenverness.de\/2020\/wp-json\/wp\/v2\/comments?post=68"}],"version-history":[{"count":2,"href":"http:\/\/glenverness.de\/2020\/wp-json\/wp\/v2\/pages\/68\/revisions"}],"predecessor-version":[{"id":263,"href":"http:\/\/glenverness.de\/2020\/wp-json\/wp\/v2\/pages\/68\/revisions\/263"}],"wp:featuredmedia":[{"embeddable":true,"href":"http:\/\/glenverness.de\/2020\/wp-json\/wp\/v2\/media\/69"}],"wp:attachment":[{"href":"http:\/\/glenverness.de\/2020\/wp-json\/wp\/v2\/media?parent=68"}],"curies":[{"name":"wp","href":"https:\/\/api.w.org\/{rel}","templated":true}]}}