{"id":64,"date":"2022-11-12T16:36:50","date_gmt":"2022-11-12T15:36:50","guid":{"rendered":"http:\/\/glenverness.de\/2020\/?page_id=64"},"modified":"2022-11-12T16:36:50","modified_gmt":"2022-11-12T15:36:50","slug":"orden-des-realms","status":"publish","type":"page","link":"http:\/\/glenverness.de\/2020\/society\/orden-des-realms\/","title":{"rendered":"Orden des Realms"},"content":{"rendered":"\n<p>Das Ryal Realm o Glenverness zeichnet Pers\u00f6nlichkeiten, welche sich um Krone, Volk oder Vaterland verdient haben mit einem der im Royal Realm bestehenden Orden aus. Die Verleihung wird durch den Tr\u00e4ger der vernischen Krone vorgenommen und ist eine pers\u00f6nliche Ehrenauszeichnung, welche nicht vererbt werden kann. Bei schweren Verfehlungen kann der Orden und die darauf resultierenden Rechte aberkannt werden. Mitglieder eines der drei Orden f\u00fchren nach dem Namen das jeweilige post-nominale K\u00fcrzel. Sie haben das Anrecht auf die Anrede &#8222;Sir&#8220; bzw. &#8222;Lady&#8220;. Wurden mehrere Orden verliehen, so sind die K\u00fcrzel in der protokollarischen Reihenfolge zu f\u00fchren. Ist ein Ordensmitglied mit unterschiedlichen Klassen eines Ordens ausgezeichnet worden, so ist das rangh\u00f6chste K\u00fcrzel zu f\u00fchren. Mitglieder des Privy Cooncils f\u00fchren vor den Ordensbezeichnungen das post-nominale &#8222;PC&#8220;. In protokollarischer Rangfolge bestehen folgende Orden:<\/p>\n\n\n\n<p>&#8211; The Maist Exalted an Maist Distinguished Ryal Midsimmer Nicht\u2019s Order<br>&#8211; The Maist Auncient an Maist Noble Order o the Flouer o Verness<br>&#8211; The Maist Illustrious Order o St. Brigid<\/p>\n","protected":false},"excerpt":{"rendered":"<p>Das Ryal Realm o Glenverness zeichnet Pers\u00f6nlichkeiten, welche sich um Krone, Volk oder Vaterland verdient haben mit einem der im Royal Realm bestehenden Orden aus. Die Verleihung wird durch den Tr\u00e4ger der vernischen Krone vorgenommen und ist eine pers\u00f6nliche Ehrenauszeichnung, welche nicht vererbt werden kann. Bei schweren Verfehlungen kann der Orden und die darauf resultierenden [&hellip;]<\/p>\n","protected":false},"author":1,"featured_media":65,"parent":40,"menu_order":5,"comment_status":"closed","ping_status":"closed","template":"","meta":[],"_links":{"self":[{"href":"http:\/\/glenverness.de\/2020\/wp-json\/wp\/v2\/pages\/64"}],"collection":[{"href":"http:\/\/glenverness.de\/2020\/wp-json\/wp\/v2\/pages"}],"about":[{"href":"http:\/\/glenverness.de\/2020\/wp-json\/wp\/v2\/types\/page"}],"author":[{"embeddable":true,"href":"http:\/\/glenverness.de\/2020\/wp-json\/wp\/v2\/users\/1"}],"replies":[{"embeddable":true,"href":"http:\/\/glenverness.de\/2020\/wp-json\/wp\/v2\/comments?post=64"}],"version-history":[{"count":1,"href":"http:\/\/glenverness.de\/2020\/wp-json\/wp\/v2\/pages\/64\/revisions"}],"predecessor-version":[{"id":66,"href":"http:\/\/glenverness.de\/2020\/wp-json\/wp\/v2\/pages\/64\/revisions\/66"}],"up":[{"embeddable":true,"href":"http:\/\/glenverness.de\/2020\/wp-json\/wp\/v2\/pages\/40"}],"wp:featuredmedia":[{"embeddable":true,"href":"http:\/\/glenverness.de\/2020\/wp-json\/wp\/v2\/media\/65"}],"wp:attachment":[{"href":"http:\/\/glenverness.de\/2020\/wp-json\/wp\/v2\/media?parent=64"}],"curies":[{"name":"wp","href":"https:\/\/api.w.org\/{rel}","templated":true}]}}