{"id":61,"date":"2022-11-12T16:34:16","date_gmt":"2022-11-12T15:34:16","guid":{"rendered":"http:\/\/glenverness.de\/2020\/?page_id=61"},"modified":"2022-11-13T10:34:26","modified_gmt":"2022-11-13T09:34:26","slug":"gentry","status":"publish","type":"page","link":"http:\/\/glenverness.de\/2020\/society\/gentry\/","title":{"rendered":"Gentry"},"content":{"rendered":"\n<p>Die Gentry bildet den Landadel von Glenverness. In ihn kann jeder B\u00fcrger berufen werden, der sich in irgendeine Art und Weise um &#8222;Krone und Vaterland&#8220; verdient gemacht hat. Die Titel sind in aufsteigender Reihenfolge Knight, Laird, Baron und Viscount. Praktisch verbunden sind mit den Titeln allerdings nur protokollarische Rangfragen. So steht den Mitgliedern der Gentry, im Gegensatz zur <a href=\"http:\/\/glenverness.de\/2020\/society\/peerage\/\" data-type=\"page\" data-id=\"58\">Peerage<\/a>, kein Sitz im Hoose o Peers zu. Durch besondere Verdienste um &#8222;Krone, Volk und Vaterland&#8220; kann ein Mitglied der Gentry jedoch in die Peerage erhoben werden. Haupts\u00e4chlich aus der Gentry rekrutieren sich die Clan Chiefs, welche den <a href=\"http:\/\/glenverness.de\/2020\/society\/vernische-clans\/\" data-type=\"page\" data-id=\"48\">vernischen Clans<\/a> vorstehen und deren Amt und Titeln an den \u00e4ltesten m\u00e4nnlichen Nachkommen weitergegeben werden k\u00f6nnen.<\/p>\n","protected":false},"excerpt":{"rendered":"<p>Die Gentry bildet den Landadel von Glenverness. In ihn kann jeder B\u00fcrger berufen werden, der sich in irgendeine Art und Weise um &#8222;Krone und Vaterland&#8220; verdient gemacht hat. Die Titel sind in aufsteigender Reihenfolge Knight, Laird, Baron und Viscount. Praktisch verbunden sind mit den Titeln allerdings nur protokollarische Rangfragen. So steht den Mitgliedern der Gentry, [&hellip;]<\/p>\n","protected":false},"author":1,"featured_media":62,"parent":40,"menu_order":4,"comment_status":"closed","ping_status":"closed","template":"","meta":[],"_links":{"self":[{"href":"http:\/\/glenverness.de\/2020\/wp-json\/wp\/v2\/pages\/61"}],"collection":[{"href":"http:\/\/glenverness.de\/2020\/wp-json\/wp\/v2\/pages"}],"about":[{"href":"http:\/\/glenverness.de\/2020\/wp-json\/wp\/v2\/types\/page"}],"author":[{"embeddable":true,"href":"http:\/\/glenverness.de\/2020\/wp-json\/wp\/v2\/users\/1"}],"replies":[{"embeddable":true,"href":"http:\/\/glenverness.de\/2020\/wp-json\/wp\/v2\/comments?post=61"}],"version-history":[{"count":2,"href":"http:\/\/glenverness.de\/2020\/wp-json\/wp\/v2\/pages\/61\/revisions"}],"predecessor-version":[{"id":275,"href":"http:\/\/glenverness.de\/2020\/wp-json\/wp\/v2\/pages\/61\/revisions\/275"}],"up":[{"embeddable":true,"href":"http:\/\/glenverness.de\/2020\/wp-json\/wp\/v2\/pages\/40"}],"wp:featuredmedia":[{"embeddable":true,"href":"http:\/\/glenverness.de\/2020\/wp-json\/wp\/v2\/media\/62"}],"wp:attachment":[{"href":"http:\/\/glenverness.de\/2020\/wp-json\/wp\/v2\/media?parent=61"}],"curies":[{"name":"wp","href":"https:\/\/api.w.org\/{rel}","templated":true}]}}