{"id":34,"date":"2022-11-12T16:20:56","date_gmt":"2022-11-12T15:20:56","guid":{"rendered":"http:\/\/glenverness.de\/2020\/?page_id=34"},"modified":"2022-11-13T14:16:56","modified_gmt":"2022-11-13T13:16:56","slug":"hm-the-queen","status":"publish","type":"page","link":"http:\/\/glenverness.de\/2020\/politics\/hm-the-queen\/","title":{"rendered":"HM The Queen"},"content":{"rendered":"\n<p>Staatsoberhaupt der K\u00f6niglichen Gefilde ist der oder die jeweilige Tr\u00e4gerin der Krone von Glenverness. Diese steht auf alle Zeiten erblich dem <a href=\"http:\/\/glenverness.de\/2020\/society\/ryal-family\/\" data-type=\"page\" data-id=\"43\">Haus Sterling<\/a> zu. Derzeitige <em>Queen o Glens<\/em> ist Hermione III. (geb. 24. Juli 1960 in Sterling Cottage, Glensendshire). Ihr vollst\u00e4ndiger Titel lautet &#8222;Her Verns Maijesty an Exalted an Serene Heichness, Hermione III., by the Grace an Providence o Goad, The Queen o Glens an Maist Noble an Puissant Princess o Nechtansmere, Archduchess ayont the Sea, Duchess o Verness, Marchioness o Sterling, Princess o New Kirkmont an Fort Thyme, Countess o Dunnichen, Port Douglas, Port Brigid an aw Her ither territories, Laird-Chieftain o the Pechts, awtho Queen o the Unitit Kinrick o the Northren March, o The Filam Isles, o Tehuri an in Judea, The former Queen o Nugensil, Muckle Duchess o H\u00f8yen, Princess o Freyn, Countess o Anto, Warudin an Fj\u00e4llby, Baroness o Kristiansund, Grandmistress o The Maist Exalted an Maist Distinguished Ryal Midsimmer Nicht\u2019s Order, The Maist Auncient an Maist Noble Order o the Flouer o Verness an The Maist Illustrious Order o St. Brigid, Caddie o the Storstjerne o the Nordmarksk \u00d8rnorden an the Damerkorset o the Vattenbergsk Husorden&#8220;. Nachdem ihr Vater, K\u00f6nig Alastair V. im Septemer 2007 an einer Krebserkrankung im Alter von 68 Jahren starb, wurde Hermione am 29. September in der Saint Brigid&#8217;s Cathedral in Aulderness zur Queen of Glens gekr\u00f6nt. Setzte sie zun\u00e4chst die Politik ihres Vaters fort, so sah sie im Jahre 2011 die Notwendigkeit f\u00fcr weitere Reformen im Land. Mit dem Ryal State Act schuf sie eine neue verfassungsm\u00e4\u00dfige Grundlage f\u00fcr Glenverness. Sie heiratete Antoine de Charbon-Ledoux, einen Cousin des Roi des M\u00e9roliens, Lothaire I. Die Ehe wurde jedoch &#8211; auf Grund eines Skandals des Prince Consorts &#8211; schon bald wieder aufgehoben. Derzeit ist die Queen mit dem nordm\u00e4rkischen Hochk\u00f6nig Oskar I. verheiratet.<\/p>\n","protected":false},"excerpt":{"rendered":"<p>Staatsoberhaupt der K\u00f6niglichen Gefilde ist der oder die jeweilige Tr\u00e4gerin der Krone von Glenverness. Diese steht auf alle Zeiten erblich dem Haus Sterling zu. Derzeitige Queen o Glens ist Hermione III. (geb. 24. Juli 1960 in Sterling Cottage, Glensendshire). Ihr vollst\u00e4ndiger Titel lautet &#8222;Her Verns Maijesty an Exalted an Serene Heichness, Hermione III., by the [&hellip;]<\/p>\n","protected":false},"author":1,"featured_media":35,"parent":17,"menu_order":1,"comment_status":"closed","ping_status":"closed","template":"","meta":[],"_links":{"self":[{"href":"http:\/\/glenverness.de\/2020\/wp-json\/wp\/v2\/pages\/34"}],"collection":[{"href":"http:\/\/glenverness.de\/2020\/wp-json\/wp\/v2\/pages"}],"about":[{"href":"http:\/\/glenverness.de\/2020\/wp-json\/wp\/v2\/types\/page"}],"author":[{"embeddable":true,"href":"http:\/\/glenverness.de\/2020\/wp-json\/wp\/v2\/users\/1"}],"replies":[{"embeddable":true,"href":"http:\/\/glenverness.de\/2020\/wp-json\/wp\/v2\/comments?post=34"}],"version-history":[{"count":3,"href":"http:\/\/glenverness.de\/2020\/wp-json\/wp\/v2\/pages\/34\/revisions"}],"predecessor-version":[{"id":280,"href":"http:\/\/glenverness.de\/2020\/wp-json\/wp\/v2\/pages\/34\/revisions\/280"}],"up":[{"embeddable":true,"href":"http:\/\/glenverness.de\/2020\/wp-json\/wp\/v2\/pages\/17"}],"wp:featuredmedia":[{"embeddable":true,"href":"http:\/\/glenverness.de\/2020\/wp-json\/wp\/v2\/media\/35"}],"wp:attachment":[{"href":"http:\/\/glenverness.de\/2020\/wp-json\/wp\/v2\/media?parent=34"}],"curies":[{"name":"wp","href":"https:\/\/api.w.org\/{rel}","templated":true}]}}