{"id":31,"date":"2022-11-12T16:19:46","date_gmt":"2022-11-12T15:19:46","guid":{"rendered":"http:\/\/glenverness.de\/2020\/?page_id=31"},"modified":"2022-11-12T16:22:02","modified_gmt":"2022-11-12T15:22:02","slug":"college-o-juistice","status":"publish","type":"page","link":"http:\/\/glenverness.de\/2020\/politics\/college-o-juistice\/","title":{"rendered":"College o Juistice"},"content":{"rendered":"\n<p>Zur Rechtsprechung im Ryal Realm o Glenverness existieren folgende Institutionen: der Grand-Court o Juistice, der Lower-Court o Juistice, die Clans&#8216; Heich Commission und der Croun-Court o Juistice. Sie \u00fcben diese unabh\u00e4ngig aus und sind an Weisungen nicht gebunden. Der Grand-Court o Juistice wird durch das Hoose o Peers gebildet. Dazu w\u00e4hlt das Hoose auf ein Jahr den Lord Heich Juisticiar, welcher juristisch ausgebildet sein muss. Der Lower-Court o Juistice wird durch die Forgaitherin o Glens gebildet. Dazu w\u00e4hlt sie auf ein Jahr den Lord Juistice General, welcher juristisch ausgebildet sein muss. Den Vorsitz im Grand-Court o Juistice f\u00fchrt der Lord Heich Stewart. Die Rechts- und Urteilsfindung obliegt allein dem Lord Heich Juisticiar. Beklagungsf\u00e4hig sind vor dem Grand-Court o Juistice s\u00e4mtliche Mitglieder der vernischen Peerage, sowie die Mitglieder K\u00f6niglichen Familie. Den Vorsitz im Lower-Court o Juistice f\u00fchrt der Preses o the Glens. Die Rechts- und Urteilsfindung obliegt allein dem Lord Juistice General. Beklagungsf\u00e4hig sind vor dem Lower-Court o Juistice s\u00e4mtliche Mitglieder der vernischen Gentry, sowie alle B\u00fcrger und Einwohner des Ryal Realms. Revisionsinstanz ist in allen F\u00e4llen Croun-Court o Juistice. Dieser tagt unter dem Vorsitz der Krone, oder einem von dieser berufenen Lord Heich Constable. Die Rechts- und Urteilsfindung obliegt einer Jury, welche aus dem Lord Heich Juisticiar, dem Lord Juistice General, sowie dem Lord Chief o Clans besteht und ihre Beschl\u00fcsse mit Mehrheit fasst. Der zust\u00e4ndige Richter der Vorinstanz hat in der Jury jedoch kein Stimmrecht. In F\u00e4llen von Organstreitigkeiten ist in allen F\u00e4llen der Croun-Court o Juistice zust\u00e4ndig. Ist die Krone selbst prozessbeteiligt, so f\u00fchrt der Lord Heich Stewart den Vorsitz. Die Rechts- und Urteilsfindung obliegt einer Jury, welche aus dem Lord Heich Juisticiar, dem Lord Juistice General, sowie dem Lord Chief o Clans besteht und ihre Beschl\u00fcsse mit Mehrheit fasst.<\/p>\n","protected":false},"excerpt":{"rendered":"<p>Zur Rechtsprechung im Ryal Realm o Glenverness existieren folgende Institutionen: der Grand-Court o Juistice, der Lower-Court o Juistice, die Clans&#8216; Heich Commission und der Croun-Court o Juistice. Sie \u00fcben diese unabh\u00e4ngig aus und sind an Weisungen nicht gebunden. Der Grand-Court o Juistice wird durch das Hoose o Peers gebildet. Dazu w\u00e4hlt das Hoose auf ein [&hellip;]<\/p>\n","protected":false},"author":1,"featured_media":32,"parent":17,"menu_order":6,"comment_status":"closed","ping_status":"closed","template":"","meta":[],"_links":{"self":[{"href":"http:\/\/glenverness.de\/2020\/wp-json\/wp\/v2\/pages\/31"}],"collection":[{"href":"http:\/\/glenverness.de\/2020\/wp-json\/wp\/v2\/pages"}],"about":[{"href":"http:\/\/glenverness.de\/2020\/wp-json\/wp\/v2\/types\/page"}],"author":[{"embeddable":true,"href":"http:\/\/glenverness.de\/2020\/wp-json\/wp\/v2\/users\/1"}],"replies":[{"embeddable":true,"href":"http:\/\/glenverness.de\/2020\/wp-json\/wp\/v2\/comments?post=31"}],"version-history":[{"count":1,"href":"http:\/\/glenverness.de\/2020\/wp-json\/wp\/v2\/pages\/31\/revisions"}],"predecessor-version":[{"id":33,"href":"http:\/\/glenverness.de\/2020\/wp-json\/wp\/v2\/pages\/31\/revisions\/33"}],"up":[{"embeddable":true,"href":"http:\/\/glenverness.de\/2020\/wp-json\/wp\/v2\/pages\/17"}],"wp:featuredmedia":[{"embeddable":true,"href":"http:\/\/glenverness.de\/2020\/wp-json\/wp\/v2\/media\/32"}],"wp:attachment":[{"href":"http:\/\/glenverness.de\/2020\/wp-json\/wp\/v2\/media?parent=31"}],"curies":[{"name":"wp","href":"https:\/\/api.w.org\/{rel}","templated":true}]}}