{"id":24,"date":"2022-11-12T10:54:52","date_gmt":"2022-11-12T09:54:52","guid":{"rendered":"http:\/\/glenverness.de\/2020\/?page_id=24"},"modified":"2022-11-12T16:21:41","modified_gmt":"2022-11-12T15:21:41","slug":"hoose-o-peers","status":"publish","type":"page","link":"http:\/\/glenverness.de\/2020\/politics\/hoose-o-peers\/","title":{"rendered":"Hoose o Peers"},"content":{"rendered":"\n<p>Im Hoose o Peers kommen die von der Krone in den h\u00f6heren Adelsstand erhobenen Dukes, Marquis und Earls zur Repr\u00e4sentation aller Teile des Ryal Realms o Glenverness zusammen. Es tagt st\u00e4ndig unter dem, von der Krone berufenen, Lord Heich Stewart. Auf Vorschlag der Krone, des Privy Cooncils oder einem seiner Mitglieder oder der Forgaitherin o Glens erl\u00e4sst das Hoose o Peers die grunds\u00e4tzlichen Gesetze (Acts) des Ryal Realms Dabei ist eine Mehrheit der abgegebenen Stimmen notwendig. Die Gesetze treten mit der Proklamation durch den K\u00f6nig in Kraft. Verweigert der K\u00f6nig einem Gesetz die Zustimmung, so bedarf es einem erneuten Beschlu\u00df des Hoose o Peers, f\u00fcr den eine 7\/8-Mehrheit notwendig ist.<\/p>\n","protected":false},"excerpt":{"rendered":"<p>Im Hoose o Peers kommen die von der Krone in den h\u00f6heren Adelsstand erhobenen Dukes, Marquis und Earls zur Repr\u00e4sentation aller Teile des Ryal Realms o Glenverness zusammen. Es tagt st\u00e4ndig unter dem, von der Krone berufenen, Lord Heich Stewart. Auf Vorschlag der Krone, des Privy Cooncils oder einem seiner Mitglieder oder der Forgaitherin o [&hellip;]<\/p>\n","protected":false},"author":1,"featured_media":25,"parent":17,"menu_order":3,"comment_status":"closed","ping_status":"closed","template":"","meta":[],"_links":{"self":[{"href":"http:\/\/glenverness.de\/2020\/wp-json\/wp\/v2\/pages\/24"}],"collection":[{"href":"http:\/\/glenverness.de\/2020\/wp-json\/wp\/v2\/pages"}],"about":[{"href":"http:\/\/glenverness.de\/2020\/wp-json\/wp\/v2\/types\/page"}],"author":[{"embeddable":true,"href":"http:\/\/glenverness.de\/2020\/wp-json\/wp\/v2\/users\/1"}],"replies":[{"embeddable":true,"href":"http:\/\/glenverness.de\/2020\/wp-json\/wp\/v2\/comments?post=24"}],"version-history":[{"count":2,"href":"http:\/\/glenverness.de\/2020\/wp-json\/wp\/v2\/pages\/24\/revisions"}],"predecessor-version":[{"id":27,"href":"http:\/\/glenverness.de\/2020\/wp-json\/wp\/v2\/pages\/24\/revisions\/27"}],"up":[{"embeddable":true,"href":"http:\/\/glenverness.de\/2020\/wp-json\/wp\/v2\/pages\/17"}],"wp:featuredmedia":[{"embeddable":true,"href":"http:\/\/glenverness.de\/2020\/wp-json\/wp\/v2\/media\/25"}],"wp:attachment":[{"href":"http:\/\/glenverness.de\/2020\/wp-json\/wp\/v2\/media?parent=24"}],"curies":[{"name":"wp","href":"https:\/\/api.w.org\/{rel}","templated":true}]}}