{"id":188,"date":"2022-11-12T22:26:30","date_gmt":"2022-11-12T21:26:30","guid":{"rendered":"http:\/\/glenverness.de\/2020\/?page_id=188"},"modified":"2022-11-12T22:26:30","modified_gmt":"2022-11-12T21:26:30","slug":"loch-kilmond","status":"publish","type":"page","link":"http:\/\/glenverness.de\/2020\/kintra\/geography\/loch-kilmond\/","title":{"rendered":"Loch Kilmond"},"content":{"rendered":"\n<p>Loch Kilmond ist ein S\u00fc\u00dfwassersee im vernischen Hochland. Er liegt n\u00f6rdlich von Kildeen in der Grafschaft Kildeenshire. Gemessen an der Wasseroberfl\u00e4che von 52,3 km\u00b2 ist Loch Kilmond nach Loch Auldermore der zweitgr\u00f6\u00dfte See des Royal Realms. Er verf\u00fcgt aber aufgrund seiner Tiefe \u00fcber das mit Abstand gr\u00f6\u00dfte Wasservolumen aller vernischen Seen. Er ist etwa 25 km lang und im Mittel circa 10 km breit. Die gr\u00f6\u00dfte Tiefe des Sees betr\u00e4gt 230 m. Im Unterschied zu anderen vernischen Lochs ist der gr\u00f6\u00dfte Teil des Sees sehr tief. Tats\u00e4chlich entf\u00e4llt auf knapp die H\u00e4lfte (47,7 %) der Seefl\u00e4che eine Wassertiefe von mehr als 152 m. Au\u00dfer einer kleinen Insel existieren keine weiteren nat\u00fcrlichen Inseln im Loch Kilmond. Im Nordosten des Sees befindet sich Alastair Island. Von ihr ist heute aufgrund des k\u00fcnstlich erh\u00f6hten Wasserstandes nur noch ein Bruchteil ihres urspr\u00fcnglichen Umfangs sichtbar. Loch Kilmond ist eines der fischreichsten Gew\u00e4sser der vernischen Inseln. Im See leben unter anderem Lachse, Aale, Elritzen, Forellen, Hechte und Stichlinge. In den W\u00e4ldern um Loch Kilmond wachsen Eichen, Eschen, Ebereschen, Haselnuss und Kiefern. Obwohl Loch Kilmond auch in der warmen Jahreszeit sehr kalt ist, haben einige Schwimmer den See der L\u00e4nge nach durchquert. Rekordhalter ist Donald McFinlay: Er schaffte die einfache Strecke in 10 Stunden und 59 Minuten und die doppelte in 23 Stunden und 50 Minuten. Seit 2005 findet jedes Jahr im Herbst rund um den See der Loch Kilmond Marathon statt. Seit Jahrhunderten wird immer wieder von (unbest\u00e4tigten) Sichtungen eines Seeungeheuers im Loch Kilmond berichtet, das \u201eKilly\u201c genannt wird. Aufgrund dieser Berichte ist Loch Kilmond ein beliebtes Ziel f\u00fcr Touristen. Durch das angeblich vorhandene Ungeheuer ist der See der bekannteste aller vernischen Seen.<\/p>\n","protected":false},"excerpt":{"rendered":"<p>Loch Kilmond ist ein S\u00fc\u00dfwassersee im vernischen Hochland. Er liegt n\u00f6rdlich von Kildeen in der Grafschaft Kildeenshire. Gemessen an der Wasseroberfl\u00e4che von 52,3 km\u00b2 ist Loch Kilmond nach Loch Auldermore der zweitgr\u00f6\u00dfte See des Royal Realms. Er verf\u00fcgt aber aufgrund seiner Tiefe \u00fcber das mit Abstand gr\u00f6\u00dfte Wasservolumen aller vernischen Seen. Er ist etwa 25 [&hellip;]<\/p>\n","protected":false},"author":1,"featured_media":0,"parent":166,"menu_order":4,"comment_status":"closed","ping_status":"closed","template":"","meta":[],"_links":{"self":[{"href":"http:\/\/glenverness.de\/2020\/wp-json\/wp\/v2\/pages\/188"}],"collection":[{"href":"http:\/\/glenverness.de\/2020\/wp-json\/wp\/v2\/pages"}],"about":[{"href":"http:\/\/glenverness.de\/2020\/wp-json\/wp\/v2\/types\/page"}],"author":[{"embeddable":true,"href":"http:\/\/glenverness.de\/2020\/wp-json\/wp\/v2\/users\/1"}],"replies":[{"embeddable":true,"href":"http:\/\/glenverness.de\/2020\/wp-json\/wp\/v2\/comments?post=188"}],"version-history":[{"count":1,"href":"http:\/\/glenverness.de\/2020\/wp-json\/wp\/v2\/pages\/188\/revisions"}],"predecessor-version":[{"id":189,"href":"http:\/\/glenverness.de\/2020\/wp-json\/wp\/v2\/pages\/188\/revisions\/189"}],"up":[{"embeddable":true,"href":"http:\/\/glenverness.de\/2020\/wp-json\/wp\/v2\/pages\/166"}],"wp:attachment":[{"href":"http:\/\/glenverness.de\/2020\/wp-json\/wp\/v2\/media?parent=188"}],"curies":[{"name":"wp","href":"https:\/\/api.w.org\/{rel}","templated":true}]}}