{"id":178,"date":"2022-11-12T22:22:26","date_gmt":"2022-11-12T21:22:26","guid":{"rendered":"http:\/\/glenverness.de\/2020\/?page_id=178"},"modified":"2022-11-13T10:24:54","modified_gmt":"2022-11-13T09:24:54","slug":"hm-armed-forces","status":"publish","type":"page","link":"http:\/\/glenverness.de\/2020\/kintra\/hm-armed-forces\/","title":{"rendered":"HM Armed Forces"},"content":{"rendered":"\n<p>Die HM Armed Forces (bewaffneten Streitkr\u00e4fte Ihrer Majest\u00e4t) bestehen aus der Ryal Airmie (dem Heer), der Ryal Navy (der Marine), sowie der Ryal Airforce (Luftwaffe). Angef\u00fcrt wird die Armee vom Commander-in-Chief, dessen Amt unmittelbar mit der Krone verbunden ist. Die einzelnen Streitkr\u00e4fteeinheiten unterstehen dann jedoch der direkten Leitung durch den Field Marshal, bzw. den First Sea Lord, bzw. den Chief of the Air Staff.<\/p>\n\n\n\n<p>Als Besonderheit kann das Auld Reagement o the Pipes and Drums angesehen werden. Hierbei handelt es sich um einen &#8211; mit Dudels\u00e4cken und Trommeln ausgestatteten &#8211; Spielmannszug, der in Friedenszeiten auf Musikfestivals im ganzen Land spielt.<\/p>\n","protected":false},"excerpt":{"rendered":"<p>Die HM Armed Forces (bewaffneten Streitkr\u00e4fte Ihrer Majest\u00e4t) bestehen aus der Ryal Airmie (dem Heer), der Ryal Navy (der Marine), sowie der Ryal Airforce (Luftwaffe). Angef\u00fcrt wird die Armee vom Commander-in-Chief, dessen Amt unmittelbar mit der Krone verbunden ist. Die einzelnen Streitkr\u00e4fteeinheiten unterstehen dann jedoch der direkten Leitung durch den Field Marshal, bzw. den First [&hellip;]<\/p>\n","protected":false},"author":1,"featured_media":179,"parent":163,"menu_order":5,"comment_status":"closed","ping_status":"closed","template":"","meta":[],"_links":{"self":[{"href":"http:\/\/glenverness.de\/2020\/wp-json\/wp\/v2\/pages\/178"}],"collection":[{"href":"http:\/\/glenverness.de\/2020\/wp-json\/wp\/v2\/pages"}],"about":[{"href":"http:\/\/glenverness.de\/2020\/wp-json\/wp\/v2\/types\/page"}],"author":[{"embeddable":true,"href":"http:\/\/glenverness.de\/2020\/wp-json\/wp\/v2\/users\/1"}],"replies":[{"embeddable":true,"href":"http:\/\/glenverness.de\/2020\/wp-json\/wp\/v2\/comments?post=178"}],"version-history":[{"count":2,"href":"http:\/\/glenverness.de\/2020\/wp-json\/wp\/v2\/pages\/178\/revisions"}],"predecessor-version":[{"id":262,"href":"http:\/\/glenverness.de\/2020\/wp-json\/wp\/v2\/pages\/178\/revisions\/262"}],"up":[{"embeddable":true,"href":"http:\/\/glenverness.de\/2020\/wp-json\/wp\/v2\/pages\/163"}],"wp:featuredmedia":[{"embeddable":true,"href":"http:\/\/glenverness.de\/2020\/wp-json\/wp\/v2\/media\/179"}],"wp:attachment":[{"href":"http:\/\/glenverness.de\/2020\/wp-json\/wp\/v2\/media?parent=178"}],"curies":[{"name":"wp","href":"https:\/\/api.w.org\/{rel}","templated":true}]}}