{"id":169,"date":"2022-11-12T22:17:47","date_gmt":"2022-11-12T21:17:47","guid":{"rendered":"http:\/\/glenverness.de\/2020\/?page_id=169"},"modified":"2022-11-12T22:17:47","modified_gmt":"2022-11-12T21:17:47","slug":"symbole","status":"publish","type":"page","link":"http:\/\/glenverness.de\/2020\/kintra\/symbole\/","title":{"rendered":"Symbole"},"content":{"rendered":"<div class=\"wp-block-image\">\n<figure class=\"aligncenter size-full\"><img decoding=\"async\" loading=\"lazy\" width=\"244\" height=\"150\" src=\"http:\/\/glenverness.de\/2020\/wp-content\/uploads\/2022\/11\/flagge150.png\" alt=\"\" class=\"wp-image-171\"\/><\/figure><\/div>\n\n\n<p>Die Flagge (The Ryal Banner) ist ein wei\u00dfes Kreuzbanner. Das Kreuz ist golden und vernischgr\u00fcn-ger\u00e4ndert. Der Kreuzungspunkt ist mit der hellblauen K\u00f6nigskrone belegt.<\/p>\n\n\n<div class=\"wp-block-image\">\n<figure class=\"aligncenter size-full\"><img decoding=\"async\" loading=\"lazy\" width=\"244\" height=\"150\" src=\"http:\/\/glenverness.de\/2020\/wp-content\/uploads\/2022\/11\/wappen150.png\" alt=\"\" class=\"wp-image-172\"\/><\/figure><\/div>\n\n\n<p>Das Wappen (The Ryal Coat o Airms) zeigt im Wappenschild das nach rechtsoben verschobene Bild der Flagge. Der Wappenschild ist mit der K\u00f6nigskrone bekr\u00f6nt und wird von einem Wilden Mann und einem Seepferd gehalten. Er steht auf einem mit Bl\u00e4ttern und Wellen verziehrten Postament und wird von einem Spruchband mit den Worten &#8222;Glenverness the brave&#8220; ums\u00e4umt.<\/p>\n","protected":false},"excerpt":{"rendered":"<p>Die Flagge (The Ryal Banner) ist ein wei\u00dfes Kreuzbanner. Das Kreuz ist golden und vernischgr\u00fcn-ger\u00e4ndert. Der Kreuzungspunkt ist mit der hellblauen K\u00f6nigskrone belegt. Das Wappen (The Ryal Coat o Airms) zeigt im Wappenschild das nach rechtsoben verschobene Bild der Flagge. Der Wappenschild ist mit der K\u00f6nigskrone bekr\u00f6nt und wird von einem Wilden Mann und einem [&hellip;]<\/p>\n","protected":false},"author":1,"featured_media":0,"parent":163,"menu_order":2,"comment_status":"closed","ping_status":"closed","template":"","meta":[],"_links":{"self":[{"href":"http:\/\/glenverness.de\/2020\/wp-json\/wp\/v2\/pages\/169"}],"collection":[{"href":"http:\/\/glenverness.de\/2020\/wp-json\/wp\/v2\/pages"}],"about":[{"href":"http:\/\/glenverness.de\/2020\/wp-json\/wp\/v2\/types\/page"}],"author":[{"embeddable":true,"href":"http:\/\/glenverness.de\/2020\/wp-json\/wp\/v2\/users\/1"}],"replies":[{"embeddable":true,"href":"http:\/\/glenverness.de\/2020\/wp-json\/wp\/v2\/comments?post=169"}],"version-history":[{"count":1,"href":"http:\/\/glenverness.de\/2020\/wp-json\/wp\/v2\/pages\/169\/revisions"}],"predecessor-version":[{"id":173,"href":"http:\/\/glenverness.de\/2020\/wp-json\/wp\/v2\/pages\/169\/revisions\/173"}],"up":[{"embeddable":true,"href":"http:\/\/glenverness.de\/2020\/wp-json\/wp\/v2\/pages\/163"}],"wp:attachment":[{"href":"http:\/\/glenverness.de\/2020\/wp-json\/wp\/v2\/media?parent=169"}],"curies":[{"name":"wp","href":"https:\/\/api.w.org\/{rel}","templated":true}]}}