{"id":166,"date":"2022-11-12T22:13:58","date_gmt":"2022-11-12T21:13:58","guid":{"rendered":"http:\/\/glenverness.de\/2020\/?page_id=166"},"modified":"2022-11-13T10:23:42","modified_gmt":"2022-11-13T09:23:42","slug":"geography","status":"publish","type":"page","link":"http:\/\/glenverness.de\/2020\/kintra\/geography\/","title":{"rendered":"Geography"},"content":{"rendered":"\n<figure class=\"wp-block-image size-large\"><img decoding=\"async\" loading=\"lazy\" width=\"1024\" height=\"569\" src=\"http:\/\/glenverness.de\/2020\/wp-content\/uploads\/2022\/11\/glen_gold_1.1-1024x569.jpg\" alt=\"\" class=\"wp-image-167\" srcset=\"http:\/\/glenverness.de\/2020\/wp-content\/uploads\/2022\/11\/glen_gold_1.1-1024x569.jpg 1024w, http:\/\/glenverness.de\/2020\/wp-content\/uploads\/2022\/11\/glen_gold_1.1-300x167.jpg 300w, http:\/\/glenverness.de\/2020\/wp-content\/uploads\/2022\/11\/glen_gold_1.1-768x427.jpg 768w, http:\/\/glenverness.de\/2020\/wp-content\/uploads\/2022\/11\/glen_gold_1.1-1536x853.jpg 1536w, http:\/\/glenverness.de\/2020\/wp-content\/uploads\/2022\/11\/glen_gold_1.1-676x376.jpg 676w, http:\/\/glenverness.de\/2020\/wp-content\/uploads\/2022\/11\/glen_gold_1.1.jpg 1800w\" sizes=\"(max-width: 1024px) 100vw, 1024px\" \/><figcaption class=\"wp-element-caption\">Karte des Ryal Realms<\/figcaption><\/figure>\n\n\n\n<p>Das Land der vernischen Inseln befindet sich rund um die St. Brigid&#8217;s Sea und besteht aus den Inseln Verness, Ergyll und The Other Isle, auf denen die St\u00e4dte Glenverdeen (1.000.000 Einw.), Aulderness (200.000 Einw.), Glensend (500.000 Einw.), Kildeen (300.000 Einw.), Stranverton (500.000 Einw.), Wemblingham (450.000 Einw.) und Ergyllburgh (550.000 Einw.) liegen. Der h\u00f6chste Berg im Royal Realm ist der <a href=\"http:\/\/glenverness.de\/2020\/kintra\/geography\/ben-alastair\/\" data-type=\"page\" data-id=\"182\">Ben Alastair<\/a> mit rund 1499 Metern h\u00f6he. Der l\u00e4ngste Fluss des Landes ist der River Lorre, welcher den Vernish Highlands entspringt und im <a href=\"http:\/\/glenverness.de\/2020\/kintra\/geography\/loch-lorredale\/\" data-type=\"page\" data-id=\"184\">Loch Lorredale<\/a> m\u00fcndet. Als weitere Seen finden sich auf Verness <a href=\"http:\/\/glenverness.de\/2020\/kintra\/geography\/loch-auldermore\/\" data-type=\"page\" data-id=\"186\">Loch Auldermore<\/a>, durch welchen der River Thyme fliesst, sowie <a href=\"http:\/\/glenverness.de\/2020\/kintra\/geography\/loch-kilmond\/\" data-type=\"page\" data-id=\"188\">Loch Kilmond<\/a>. Auf der Insel Ergyll befindet sich der <a href=\"http:\/\/glenverness.de\/2020\/kintra\/geography\/loch-dunsapie\/\" data-type=\"page\" data-id=\"190\">Loch Dunsapie<\/a>. Glenverness verf\u00fcgt \u00fcber internationale Flugh\u00e4fen in Glenverdeen und Ergyllburgh, sowie nationale Flugpl\u00e4tze in Kildeen und auf The Other Isle. \u00dcberregionale H\u00e4fen gibt es in Aulderness, Glensend und Ergyllburgh.<\/p>\n","protected":false},"excerpt":{"rendered":"<p>Das Land der vernischen Inseln befindet sich rund um die St. Brigid&#8217;s Sea und besteht aus den Inseln Verness, Ergyll und The Other Isle, auf denen die St\u00e4dte Glenverdeen (1.000.000 Einw.), Aulderness (200.000 Einw.), Glensend (500.000 Einw.), Kildeen (300.000 Einw.), Stranverton (500.000 Einw.), Wemblingham (450.000 Einw.) und Ergyllburgh (550.000 Einw.) liegen. Der h\u00f6chste Berg im [&hellip;]<\/p>\n","protected":false},"author":1,"featured_media":0,"parent":163,"menu_order":1,"comment_status":"closed","ping_status":"closed","template":"","meta":[],"_links":{"self":[{"href":"http:\/\/glenverness.de\/2020\/wp-json\/wp\/v2\/pages\/166"}],"collection":[{"href":"http:\/\/glenverness.de\/2020\/wp-json\/wp\/v2\/pages"}],"about":[{"href":"http:\/\/glenverness.de\/2020\/wp-json\/wp\/v2\/types\/page"}],"author":[{"embeddable":true,"href":"http:\/\/glenverness.de\/2020\/wp-json\/wp\/v2\/users\/1"}],"replies":[{"embeddable":true,"href":"http:\/\/glenverness.de\/2020\/wp-json\/wp\/v2\/comments?post=166"}],"version-history":[{"count":2,"href":"http:\/\/glenverness.de\/2020\/wp-json\/wp\/v2\/pages\/166\/revisions"}],"predecessor-version":[{"id":259,"href":"http:\/\/glenverness.de\/2020\/wp-json\/wp\/v2\/pages\/166\/revisions\/259"}],"up":[{"embeddable":true,"href":"http:\/\/glenverness.de\/2020\/wp-json\/wp\/v2\/pages\/163"}],"wp:attachment":[{"href":"http:\/\/glenverness.de\/2020\/wp-json\/wp\/v2\/media?parent=166"}],"curies":[{"name":"wp","href":"https:\/\/api.w.org\/{rel}","templated":true}]}}