{"id":147,"date":"2022-11-12T22:00:13","date_gmt":"2022-11-12T21:00:13","guid":{"rendered":"http:\/\/glenverness.de\/2020\/?page_id=147"},"modified":"2022-11-12T22:00:13","modified_gmt":"2022-11-12T21:00:13","slug":"politics","status":"publish","type":"page","link":"http:\/\/glenverness.de\/2020\/mathildian-islands\/politics\/","title":{"rendered":"Politics"},"content":{"rendered":"\n<p>Der Archduke beyond the Sea ist der st\u00e4ndige Vertreter der vernischen Krone auf den Mathildian Islands. Nach der Besitzergreifung im Jahre 1698 erfolgte die Verwaltung der Krondependencen zun\u00e4chst durch einen Bruder King Francis&#8216; V., dessen Nachkommen bis heute den Archduke stellen. Nach der De-facto-Unabh\u00e4ngigkeit 1699 nahm der Erzherzog die Stellung eines Staatsoberhauptes ein. Auf Grund eines Milit\u00e4rputsches rief Erzherzog Tupou VII. das Ryal Realm zur Hilfe, das bei dieser Gelegenheit die alten Verh\u00e4ltnisse wiederherstellte. Der jeweilige Archduke tr\u00e4gt die Archducal Crown, welche von einem Goldschmied aus Ergyllburgh angefertigt wurde.<\/p>\n\n\n\n<p>W\u00e4hrend der Erzherzog die Verwaltung auf den Inseln versieht und der direkte Stellvertreter der vernischen Krone in den Kronbesitzungen ist, vertritt der <em>Chief Minister<\/em> die Interessen der Mathildians im Privy Cooncil in Glenverdeen. Als solcher hat er den Rang eines <em>Caibinet Secretar<\/em> und ist das einzige Mitglied im Kronrat, welches nicht durch die vernische Krone bestimmt, sondern vom Archduke ernannt wird. Derzeit amtiert The Right Hon. Mr Lealofi MacErskine<\/p>\n","protected":false},"excerpt":{"rendered":"<p>Der Archduke beyond the Sea ist der st\u00e4ndige Vertreter der vernischen Krone auf den Mathildian Islands. Nach der Besitzergreifung im Jahre 1698 erfolgte die Verwaltung der Krondependencen zun\u00e4chst durch einen Bruder King Francis&#8216; V., dessen Nachkommen bis heute den Archduke stellen. Nach der De-facto-Unabh\u00e4ngigkeit 1699 nahm der Erzherzog die Stellung eines Staatsoberhauptes ein. Auf Grund [&hellip;]<\/p>\n","protected":false},"author":1,"featured_media":148,"parent":138,"menu_order":3,"comment_status":"closed","ping_status":"closed","template":"","meta":[],"_links":{"self":[{"href":"http:\/\/glenverness.de\/2020\/wp-json\/wp\/v2\/pages\/147"}],"collection":[{"href":"http:\/\/glenverness.de\/2020\/wp-json\/wp\/v2\/pages"}],"about":[{"href":"http:\/\/glenverness.de\/2020\/wp-json\/wp\/v2\/types\/page"}],"author":[{"embeddable":true,"href":"http:\/\/glenverness.de\/2020\/wp-json\/wp\/v2\/users\/1"}],"replies":[{"embeddable":true,"href":"http:\/\/glenverness.de\/2020\/wp-json\/wp\/v2\/comments?post=147"}],"version-history":[{"count":1,"href":"http:\/\/glenverness.de\/2020\/wp-json\/wp\/v2\/pages\/147\/revisions"}],"predecessor-version":[{"id":149,"href":"http:\/\/glenverness.de\/2020\/wp-json\/wp\/v2\/pages\/147\/revisions\/149"}],"up":[{"embeddable":true,"href":"http:\/\/glenverness.de\/2020\/wp-json\/wp\/v2\/pages\/138"}],"wp:featuredmedia":[{"embeddable":true,"href":"http:\/\/glenverness.de\/2020\/wp-json\/wp\/v2\/media\/148"}],"wp:attachment":[{"href":"http:\/\/glenverness.de\/2020\/wp-json\/wp\/v2\/media?parent=147"}],"curies":[{"name":"wp","href":"https:\/\/api.w.org\/{rel}","templated":true}]}}