{"id":144,"date":"2022-11-12T21:58:44","date_gmt":"2022-11-12T20:58:44","guid":{"rendered":"http:\/\/glenverness.de\/2020\/?page_id=144"},"modified":"2022-11-12T21:58:44","modified_gmt":"2022-11-12T20:58:44","slug":"culture","status":"publish","type":"page","link":"http:\/\/glenverness.de\/2020\/mathildian-islands\/culture\/","title":{"rendered":"Culture"},"content":{"rendered":"\n<p>Da unter den Mamori keine Schrift bekannt war, spielte Kunst eine sehr gro\u00dfe Rolle in der Kultur der Inseln. Geschichten wurde mit Malerei und Schnitzerei festgehalten und weitergegeben. Besonders K\u00f6rperschmuck und -malerei waren Ausdruck von Individualismus und Sch\u00f6nheit und T\u00e4towierungen waren \u00fcblich. Mit letzteren konnte der Status einer Person angegeben werden. Je gr\u00f6\u00dfer und verschlungener das so genannte Moko war, umso h\u00f6her war der Rang der Person, die es trug. Mit Hammer und Schlegel wurden die Muster (Spiralen oder muschel\u00e4hnliche Formen) ins Fleisch gesto\u00dfen und mit frischem Ru\u00df eingerieben. Den Frauen waren diese Arten der Kunstaus\u00fcbung gr\u00f6\u00dftenteils verwehrt. Die einzige Form kreativen Schaffens war f\u00fcr die Frauen das Weben.<\/p>\n\n\n\n<p>Die Mamorische Sprache z\u00e4hlt zwar zu der s\u00fcdnericanischen Sprachfamilie, unterscheidet sich jedoch davon teilweise erheblich. Durch die Isolation der Inseln unterblieb eine Beeinflussung der Sprache lange Zeit und wurde erst ab dem 17. Jahrhundert mit fremden Einfl\u00fcssen konfrontiert. Neben der Sprache brachten die vernischen Kolonialisten harte, geschmiedete Werkzeuge auf die Mathildians, wodurch es m\u00f6glich war, Jade zu bearbeiten. Der wertvolle Bodenschatz wurde zu Schmuck und Werkzeug verarbeitet und ebenfalls reichlich verziert.<\/p>\n","protected":false},"excerpt":{"rendered":"<p>Da unter den Mamori keine Schrift bekannt war, spielte Kunst eine sehr gro\u00dfe Rolle in der Kultur der Inseln. Geschichten wurde mit Malerei und Schnitzerei festgehalten und weitergegeben. Besonders K\u00f6rperschmuck und -malerei waren Ausdruck von Individualismus und Sch\u00f6nheit und T\u00e4towierungen waren \u00fcblich. Mit letzteren konnte der Status einer Person angegeben werden. Je gr\u00f6\u00dfer und verschlungener [&hellip;]<\/p>\n","protected":false},"author":1,"featured_media":145,"parent":138,"menu_order":4,"comment_status":"closed","ping_status":"closed","template":"","meta":[],"_links":{"self":[{"href":"http:\/\/glenverness.de\/2020\/wp-json\/wp\/v2\/pages\/144"}],"collection":[{"href":"http:\/\/glenverness.de\/2020\/wp-json\/wp\/v2\/pages"}],"about":[{"href":"http:\/\/glenverness.de\/2020\/wp-json\/wp\/v2\/types\/page"}],"author":[{"embeddable":true,"href":"http:\/\/glenverness.de\/2020\/wp-json\/wp\/v2\/users\/1"}],"replies":[{"embeddable":true,"href":"http:\/\/glenverness.de\/2020\/wp-json\/wp\/v2\/comments?post=144"}],"version-history":[{"count":1,"href":"http:\/\/glenverness.de\/2020\/wp-json\/wp\/v2\/pages\/144\/revisions"}],"predecessor-version":[{"id":146,"href":"http:\/\/glenverness.de\/2020\/wp-json\/wp\/v2\/pages\/144\/revisions\/146"}],"up":[{"embeddable":true,"href":"http:\/\/glenverness.de\/2020\/wp-json\/wp\/v2\/pages\/138"}],"wp:featuredmedia":[{"embeddable":true,"href":"http:\/\/glenverness.de\/2020\/wp-json\/wp\/v2\/media\/145"}],"wp:attachment":[{"href":"http:\/\/glenverness.de\/2020\/wp-json\/wp\/v2\/media?parent=144"}],"curies":[{"name":"wp","href":"https:\/\/api.w.org\/{rel}","templated":true}]}}