{"id":135,"date":"2022-11-12T21:54:23","date_gmt":"2022-11-12T20:54:23","guid":{"rendered":"http:\/\/glenverness.de\/2020\/?page_id=135"},"modified":"2022-11-12T21:54:23","modified_gmt":"2022-11-12T20:54:23","slug":"history","status":"publish","type":"page","link":"http:\/\/glenverness.de\/2020\/history\/","title":{"rendered":"History"},"content":{"rendered":"\n<p>400 bis 600 n.Chr.: Einwanderung von St\u00e4mmen Imperias und Nedersassoniens, sowie der Nordmark\/Nugensil<\/p>\n\n\n\n<p>1034: Festlegung der <em>Constitutio de regalibus<\/em><\/p>\n\n\n\n<p>1222: K\u00f6nig Bruce IV. erl\u00e4sst das <em>Statutum in favorem civitatis<\/em><\/p>\n\n\n\n<p>1306: K\u00f6nig Donald verleiht das <em>Privilegium Vulgare<\/em><\/p>\n\n\n\n<p>1698: Das Haus Sterling \u00fcbernimmt die Krone<\/p>\n\n\n\n<p>Ende des 17. Jhds.: Die Clans verfestigen ihre politischen Rechte<\/p>\n\n\n\n<p>1747: King Alastair I. f\u00e4llt in der Schlacht bei Kirkwood<\/p>\n\n\n\n<p>1916: Queen Gwendolyn verzichtete zu Gunsten ihres Sohnes auf den Thron<\/p>\n\n\n\n<p>1983: Queen Hermione II. und ihr Mann sterben, als ihr Kreuzfahrtschiff sinkt<\/p>\n\n\n\n<p>2007: Hermione III. besteigt den Thron<\/p>\n","protected":false},"excerpt":{"rendered":"<p>400 bis 600 n.Chr.: Einwanderung von St\u00e4mmen Imperias und Nedersassoniens, sowie der Nordmark\/Nugensil 1034: Festlegung der Constitutio de regalibus 1222: K\u00f6nig Bruce IV. erl\u00e4sst das Statutum in favorem civitatis 1306: K\u00f6nig Donald verleiht das Privilegium Vulgare 1698: Das Haus Sterling \u00fcbernimmt die Krone Ende des 17. Jhds.: Die Clans verfestigen ihre politischen Rechte 1747: King [&hellip;]<\/p>\n","protected":false},"author":1,"featured_media":136,"parent":0,"menu_order":6,"comment_status":"closed","ping_status":"closed","template":"","meta":[],"_links":{"self":[{"href":"http:\/\/glenverness.de\/2020\/wp-json\/wp\/v2\/pages\/135"}],"collection":[{"href":"http:\/\/glenverness.de\/2020\/wp-json\/wp\/v2\/pages"}],"about":[{"href":"http:\/\/glenverness.de\/2020\/wp-json\/wp\/v2\/types\/page"}],"author":[{"embeddable":true,"href":"http:\/\/glenverness.de\/2020\/wp-json\/wp\/v2\/users\/1"}],"replies":[{"embeddable":true,"href":"http:\/\/glenverness.de\/2020\/wp-json\/wp\/v2\/comments?post=135"}],"version-history":[{"count":1,"href":"http:\/\/glenverness.de\/2020\/wp-json\/wp\/v2\/pages\/135\/revisions"}],"predecessor-version":[{"id":137,"href":"http:\/\/glenverness.de\/2020\/wp-json\/wp\/v2\/pages\/135\/revisions\/137"}],"wp:featuredmedia":[{"embeddable":true,"href":"http:\/\/glenverness.de\/2020\/wp-json\/wp\/v2\/media\/136"}],"wp:attachment":[{"href":"http:\/\/glenverness.de\/2020\/wp-json\/wp\/v2\/media?parent=135"}],"curies":[{"name":"wp","href":"https:\/\/api.w.org\/{rel}","templated":true}]}}