{"id":132,"date":"2022-11-12T20:12:22","date_gmt":"2022-11-12T19:12:22","guid":{"rendered":"http:\/\/glenverness.de\/2020\/?page_id=132"},"modified":"2022-11-12T20:12:22","modified_gmt":"2022-11-12T19:12:22","slug":"ryal-cowping-union","status":"publish","type":"page","link":"http:\/\/glenverness.de\/2020\/economy\/ryal-cowping-union\/","title":{"rendered":"Ryal Cowping Union"},"content":{"rendered":"\n<p>Im Bestreben danach, die heimische Wirtschaft nach Kr\u00e4ften zu f\u00f6rdern und zu unterst\u00fctzen, wurde die &#8218;Ryal Cowping Union&#8216; mit Sitz in Glenverdeen ins Leben gerufen. Vorrangige Aufgabe der Union ist die Absatzf\u00f6rderung durch den Export vernischer Produkte, sowie die deren Vermarktung im Ausland. An der Spitze der Union steht ein vom Hoose o Peers gew\u00e4hlter Preses. Ihm obliegt die Gesch\u00e4ftsf\u00fchrung der Union und er ist gegen\u00fcber dem House of Peers zu Rechenschaft verpflichtet.<\/p>\n\n\n\n<p>Die Finanzierung der Union erfolgt zur H\u00e4lfte durch die Mitgliedsunternehmen und zur anderen H\u00e4lfte durch die Staatskasse. Kommt ein Unternehmen seinen finanziellen Verpflichtungen nicht nach, so erlischt die Mitgliedschaft in der Union. Jedes Unternehmen (Company oder Firm) mit Sitz im Ryal Realm kann durch formlose Erkl\u00e4rung gegen\u00fcber der Union seinen Beitritt zu selbiger erkl\u00e4ren. Die staatlichen Stellen sind angehalten, die Aktivit\u00e4ten der Union zu unterst\u00fctzen und politisch zu flankieren.<\/p>\n","protected":false},"excerpt":{"rendered":"<p>Im Bestreben danach, die heimische Wirtschaft nach Kr\u00e4ften zu f\u00f6rdern und zu unterst\u00fctzen, wurde die &#8218;Ryal Cowping Union&#8216; mit Sitz in Glenverdeen ins Leben gerufen. Vorrangige Aufgabe der Union ist die Absatzf\u00f6rderung durch den Export vernischer Produkte, sowie die deren Vermarktung im Ausland. An der Spitze der Union steht ein vom Hoose o Peers gew\u00e4hlter [&hellip;]<\/p>\n","protected":false},"author":1,"featured_media":133,"parent":89,"menu_order":4,"comment_status":"closed","ping_status":"closed","template":"","meta":[],"_links":{"self":[{"href":"http:\/\/glenverness.de\/2020\/wp-json\/wp\/v2\/pages\/132"}],"collection":[{"href":"http:\/\/glenverness.de\/2020\/wp-json\/wp\/v2\/pages"}],"about":[{"href":"http:\/\/glenverness.de\/2020\/wp-json\/wp\/v2\/types\/page"}],"author":[{"embeddable":true,"href":"http:\/\/glenverness.de\/2020\/wp-json\/wp\/v2\/users\/1"}],"replies":[{"embeddable":true,"href":"http:\/\/glenverness.de\/2020\/wp-json\/wp\/v2\/comments?post=132"}],"version-history":[{"count":1,"href":"http:\/\/glenverness.de\/2020\/wp-json\/wp\/v2\/pages\/132\/revisions"}],"predecessor-version":[{"id":134,"href":"http:\/\/glenverness.de\/2020\/wp-json\/wp\/v2\/pages\/132\/revisions\/134"}],"up":[{"embeddable":true,"href":"http:\/\/glenverness.de\/2020\/wp-json\/wp\/v2\/pages\/89"}],"wp:featuredmedia":[{"embeddable":true,"href":"http:\/\/glenverness.de\/2020\/wp-json\/wp\/v2\/media\/133"}],"wp:attachment":[{"href":"http:\/\/glenverness.de\/2020\/wp-json\/wp\/v2\/media?parent=132"}],"curies":[{"name":"wp","href":"https:\/\/api.w.org\/{rel}","templated":true}]}}