{"id":119,"date":"2022-11-12T19:19:06","date_gmt":"2022-11-12T18:19:06","guid":{"rendered":"http:\/\/glenverness.de\/2020\/?page_id=119"},"modified":"2022-11-12T19:19:30","modified_gmt":"2022-11-12T18:19:30","slug":"stock-exchange","status":"publish","type":"page","link":"http:\/\/glenverness.de\/2020\/economy\/stock-exchange\/","title":{"rendered":"Stock Exchange"},"content":{"rendered":"\n<p>\u00c4ltester und einziger Wertpapierhandelsplatz im Ryal Realm ist die <em>King&#8217;s Garden Stock Exchange<\/em> in Glenverdeen. Diese untersteht der B\u00f6rsenaufsicht des Privy Cooncil (Exchynge Owerins Poustie) und befindet sich zu 100 Prozent im Besitz der Ryal Baunk o Glenverness. Ausschlie\u00dflich Unternehmen mit der Rechtsform Company (Co.) sind zum Handel an Wertpapierm\u00e4rkten zugelassen. Um an der B\u00f6rse gehandelt zu werden muss eine Company (Co.) mindestens 35 Tage im Inland bestehen. Die Teilnahme am Handel an einer B\u00f6rse muss \u00f6ffentlich bekannt gegeben werden. Ein Unternehmen, das an einem Wertpapiermarkt gehandelt wird, nimmt f\u00fcr die Dauer der Teillnahme am Handel die Rechtsform einer Public Limited Company (Abk\u00fcrzung: PLC) an. Wenn eine Person seine Position innerhalb eines Unternehmens, der B\u00f6rse selbst oder der B\u00f6rsenaufsicht zugunsten eines oder mehrerer Unternehmen ausnutzt, so kann er vom Handel unbefristet ausgeschlossen werden. Beteiligte Unternehmen k\u00f6nnen ebenfalls unbefristet f\u00fcr den Handel gesperrt werden.<\/p>\n","protected":false},"excerpt":{"rendered":"<p>\u00c4ltester und einziger Wertpapierhandelsplatz im Ryal Realm ist die King&#8217;s Garden Stock Exchange in Glenverdeen. Diese untersteht der B\u00f6rsenaufsicht des Privy Cooncil (Exchynge Owerins Poustie) und befindet sich zu 100 Prozent im Besitz der Ryal Baunk o Glenverness. Ausschlie\u00dflich Unternehmen mit der Rechtsform Company (Co.) sind zum Handel an Wertpapierm\u00e4rkten zugelassen. Um an der B\u00f6rse [&hellip;]<\/p>\n","protected":false},"author":1,"featured_media":120,"parent":89,"menu_order":2,"comment_status":"closed","ping_status":"closed","template":"","meta":[],"_links":{"self":[{"href":"http:\/\/glenverness.de\/2020\/wp-json\/wp\/v2\/pages\/119"}],"collection":[{"href":"http:\/\/glenverness.de\/2020\/wp-json\/wp\/v2\/pages"}],"about":[{"href":"http:\/\/glenverness.de\/2020\/wp-json\/wp\/v2\/types\/page"}],"author":[{"embeddable":true,"href":"http:\/\/glenverness.de\/2020\/wp-json\/wp\/v2\/users\/1"}],"replies":[{"embeddable":true,"href":"http:\/\/glenverness.de\/2020\/wp-json\/wp\/v2\/comments?post=119"}],"version-history":[{"count":1,"href":"http:\/\/glenverness.de\/2020\/wp-json\/wp\/v2\/pages\/119\/revisions"}],"predecessor-version":[{"id":121,"href":"http:\/\/glenverness.de\/2020\/wp-json\/wp\/v2\/pages\/119\/revisions\/121"}],"up":[{"embeddable":true,"href":"http:\/\/glenverness.de\/2020\/wp-json\/wp\/v2\/pages\/89"}],"wp:featuredmedia":[{"embeddable":true,"href":"http:\/\/glenverness.de\/2020\/wp-json\/wp\/v2\/media\/120"}],"wp:attachment":[{"href":"http:\/\/glenverness.de\/2020\/wp-json\/wp\/v2\/media?parent=119"}],"curies":[{"name":"wp","href":"https:\/\/api.w.org\/{rel}","templated":true}]}}